{"id":52,"date":"2020-12-27T11:40:59","date_gmt":"2020-12-27T10:40:59","guid":{"rendered":"https:\/\/www.mxklub.sk\/?page_id=52"},"modified":"2025-01-14T19:25:38","modified_gmt":"2025-01-14T18:25:38","slug":"kontakty","status":"publish","type":"page","link":"https:\/\/www.mxklub.sk\/?page_id=52","title":{"rendered":"Kontakty"},"content":{"rendered":"\n<p>N\u00e1zov zdru\u017eenia: MX Klub - Dunajsk\u00e1 Lu\u017en\u00e1<\/p>\n\n\n\n<p>Pr\u00e1vna forma: Ob\u010dianske dru\u017eenie<\/p>\n\n\n\n<p>I\u010cO: 53457315<\/p>\n\n\n\n<p>S\u00eddlo: \u0160kolsk\u00e1 255\/20, 90042 Dunajsk\u00e1 Lu\u017en\u00e1, Slovensk\u00e1 republika<\/p>\n\n\n\n<p>email: info@mxklub.sk<\/p>\n\n\n\n<p>tlf: +421 911 333 710 Tom\u00e1\u0161 Fajnor<\/p>\n\n\n\n<p><\/p>\n\n\n\n<p>IBAN SK90 0900 0000 0051 7657 1969<\/p>\n\n\n\n<p><\/p>\n","protected":false},"excerpt":{"rendered":"<p>N\u00e1zov zdru\u017eenia: MX Klub &#8211; Dunajsk\u00e1 Lu\u017en\u00e1 Pr\u00e1vna forma: Ob\u010dianske dru\u017eenie I\u010cO: 53457315 S\u00eddlo: \u0160kolsk\u00e1 255\/20, 90042 Dunajsk\u00e1 Lu\u017en\u00e1, Slovensk\u00e1[&#8230;]<\/p>\n","protected":false},"author":1,"featured_media":0,"parent":15,"menu_order":0,"comment_status":"closed","ping_status":"closed","template":"","meta":{"footnotes":""},"class_list":["post-52","page","type-page","status-publish","hentry"],"_links":{"self":[{"href":"https:\/\/www.mxklub.sk\/index.php?rest_route=\/wp\/v2\/pages\/52","targetHints":{"allow":["GET"]}}],"collection":[{"href":"https:\/\/www.mxklub.sk\/index.php?rest_route=\/wp\/v2\/pages"}],"about":[{"href":"https:\/\/www.mxklub.sk\/index.php?rest_route=\/wp\/v2\/types\/page"}],"author":[{"embeddable":true,"href":"https:\/\/www.mxklub.sk\/index.php?rest_route=\/wp\/v2\/users\/1"}],"replies":[{"embeddable":true,"href":"https:\/\/www.mxklub.sk\/index.php?rest_route=%2Fwp%2Fv2%2Fcomments&post=52"}],"version-history":[{"count":8,"href":"https:\/\/www.mxklub.sk\/index.php?rest_route=\/wp\/v2\/pages\/52\/revisions"}],"predecessor-version":[{"id":312,"href":"https:\/\/www.mxklub.sk\/index.php?rest_route=\/wp\/v2\/pages\/52\/revisions\/312"}],"up":[{"embeddable":true,"href":"https:\/\/www.mxklub.sk\/index.php?rest_route=\/wp\/v2\/pages\/15"}],"wp:attachment":[{"href":"https:\/\/www.mxklub.sk\/index.php?rest_route=%2Fwp%2Fv2%2Fmedia&parent=52"}],"curies":[{"name":"wp","href":"https:\/\/api.w.org\/{rel}","templated":true}]}}