{"id":47,"date":"2020-12-27T00:10:29","date_gmt":"2020-12-26T23:10:29","guid":{"rendered":"https:\/\/www.mxklub.sk\/?page_id=47"},"modified":"2025-01-14T19:48:04","modified_gmt":"2025-01-14T18:48:04","slug":"treningy","status":"publish","type":"page","link":"https:\/\/www.mxklub.sk\/?page_id=47","title":{"rendered":"Tr\u00e9ningy"},"content":{"rendered":"\n<p class=\"has-black-color has-text-color\">Pri vyu\u017e\u00edvan\u00ed trate je ka\u017ed\u00fd povinn\u00fd dodr\u017eiava\u0165 <a href=\"https:\/\/www.mxklub.sk\/?page_id=35\" data-type=\"page\" data-id=\"35\">Prev\u00e1dzkov\u00fd poriadok<\/a>. Motokrosov\u00e1 tra\u0165 je ur\u010den\u00e1 len pre ter\u00e9nne motocykle a bicykle. Jazdenie mimo trate a jazdenie po hr\u00e1dzi je zak\u00e1zan\u00e9. Motocykle musia sp\u013a\u0148a\u0165 limity hluku stanoven\u00e9 SMF. <\/p>\n\n\n\n<p class=\"has-accent-color has-text-color\"><strong>Jazda \u0161tvorkoliek a ter\u00e9nnych automobilov po trati je vyslovene zak\u00e1zan\u00e1<\/strong>.<\/p>\n\n\n\n<p>Vy\u017e\u00edvanie trate je povolen\u00e9 len jazdcom, ktor\u00ed odovzdali podp\u00edsan\u00e9  <a href=\"https:\/\/www.mxklub.sk\/wp-content\/uploads\/2021\/03\/UPOZORNENIE-A-PREHLASENIE-JAZDCA.pdf\">UPOZORNENIE-A-PREHLASENIE-JAZDCA<\/a> <\/p>\n\n\n\n<h3 class=\"wp-block-heading\">Otvoren\u00e9 tr\u00e9ningy pre motocykle<\/h3>\n\n\n\n<figure class=\"wp-block-table\"><table><tbody><tr><td><strong>Mesiac<\/strong><\/td><td><strong>UTOROK, \u0160TVRTOK, SOBOTA<\/strong><\/td><\/tr><tr><td>Okt\u00f3ber a\u017e Febru\u00e1r<\/td><td>10:00-18:30<\/td><\/tr><tr><td>Marec a\u017e September<\/td><td>10:00-19:00<\/td><\/tr><\/tbody><\/table><\/figure>\n\n\n\n<p class=\"has-accent-color has-text-color\"><strong>V nede\u013eu je jazdenie motocyklov v are\u00e1li pr\u00edsne zak\u00e1zan\u00e9.<\/strong><\/p>\n\n\n\n<p>Na tr\u00e9ning je potrebn\u00e9 sa vopred telefonicky nahl\u00e1si\u0165: <\/p>\n\n\n\n<p>+421 911 333 710 Tom\u00e1\u0161 Fajnor<\/p>\n\n\n\n<p>Podmienkou tr\u00e9ningu v dan\u00fd de\u0148 je \u00fahrada pr\u00edspevku na \u00fapravu trate vo v\u00fd\u0161ke 20,- Eur za de\u0148.<br>(\u017eeny a deti do 12 rokov 10,- Eur za de\u0148)<\/p>\n\n\n\n<p><\/p>\n","protected":false},"excerpt":{"rendered":"<p>Pri vyu\u017e\u00edvan\u00ed trate je ka\u017ed\u00fd povinn\u00fd dodr\u017eiava\u0165 Prev\u00e1dzkov\u00fd poriadok. Motokrosov\u00e1 tra\u0165 je ur\u010den\u00e1 len pre ter\u00e9nne motocykle a bicykle. Jazdenie[&#8230;]<\/p>\n","protected":false},"author":1,"featured_media":0,"parent":0,"menu_order":0,"comment_status":"closed","ping_status":"closed","template":"","meta":{"footnotes":""},"class_list":["post-47","page","type-page","status-publish","hentry"],"_links":{"self":[{"href":"https:\/\/www.mxklub.sk\/index.php?rest_route=\/wp\/v2\/pages\/47","targetHints":{"allow":["GET"]}}],"collection":[{"href":"https:\/\/www.mxklub.sk\/index.php?rest_route=\/wp\/v2\/pages"}],"about":[{"href":"https:\/\/www.mxklub.sk\/index.php?rest_route=\/wp\/v2\/types\/page"}],"author":[{"embeddable":true,"href":"https:\/\/www.mxklub.sk\/index.php?rest_route=\/wp\/v2\/users\/1"}],"replies":[{"embeddable":true,"href":"https:\/\/www.mxklub.sk\/index.php?rest_route=%2Fwp%2Fv2%2Fcomments&post=47"}],"version-history":[{"count":19,"href":"https:\/\/www.mxklub.sk\/index.php?rest_route=\/wp\/v2\/pages\/47\/revisions"}],"predecessor-version":[{"id":317,"href":"https:\/\/www.mxklub.sk\/index.php?rest_route=\/wp\/v2\/pages\/47\/revisions\/317"}],"wp:attachment":[{"href":"https:\/\/www.mxklub.sk\/index.php?rest_route=%2Fwp%2Fv2%2Fmedia&parent=47"}],"curies":[{"name":"wp","href":"https:\/\/api.w.org\/{rel}","templated":true}]}}