{"id":35,"date":"2020-12-26T23:42:39","date_gmt":"2020-12-26T22:42:39","guid":{"rendered":"https:\/\/www.mxklub.sk\/?page_id=35"},"modified":"2025-01-14T20:15:10","modified_gmt":"2025-01-14T19:15:10","slug":"prevadzkovy-poriadok","status":"publish","type":"page","link":"https:\/\/www.mxklub.sk\/?page_id=35","title":{"rendered":"Prev\u00e1dzkov\u00fd poriadok"},"content":{"rendered":"\n<p><strong>Are\u00e1l Motokrosovej trate Dunajsk\u00e1 Lu\u017en\u00e1<\/strong><\/p>\n\n\n\n<p><em>Platn\u00fd od 1.1.2021<\/em><\/p>\n\n\n\n<h1 class=\"wp-block-heading\">Motokrosov\u00e1 tra\u0165<\/h1>\n\n\n\n<p>Are\u00e1l Motokrosovej trate (\u010falej len are\u00e1l) sa nach\u00e1dza na parcele \u010d. 761\/1 reg.C, zap\u00edsanej na LV \u010d.740 k.\u00fa. Dunajsk\u00e1 Lu\u017en\u00e1, \u010das\u0165 J\u00e1no\u0161ikov\u00e1 vo vlastn\u00edctve obce Dunajsk\u00e1 Lu\u017en\u00e1 a je v pren\u00e1jme ob\u010dianskeho zdru\u017eenia MX Klub - Dunajsk\u00e1 Lu\u017en\u00e1, ktor\u00e9 je jeho prev\u00e1dzkovate\u013eom.&nbsp;<\/p>\n\n\n\n<p>Motokrosov\u00e1 tra\u0165 nach\u00e1dzaj\u00faca sa v are\u00e1li (\u010falej len tra\u0165) je ur\u010den\u00e1 len pre ter\u00e9nne motocykle a bicykle. Jazda ter\u00e9nnych automobilov a \u0161tvorkoliek po trati je vyslovene zak\u00e1zan\u00e1.<\/p>\n\n\n\n<p>Are\u00e1l je mo\u017en\u00e9 po dohode s jeho prev\u00e1dzkovate\u013eom vyu\u017ei\u0165 aj na in\u00e9 \u0161portov\u00e9 a spolo\u010densk\u00e9 aktivity.<\/p>\n\n\n\n<h1 class=\"wp-block-heading\">Bezpe\u010dnos\u0165<\/h1>\n\n\n\n<p>N\u00e1v\u0161tevn\u00edkom je povolen\u00fd vstup do are\u00e1lu len so s\u00fahlasom prev\u00e1dzkovate\u013ea trate, ktor\u00fd je opr\u00e1vnen\u00fd zak\u00e1za\u0165 \u010dinnos\u0165 na trati osobe, ktor\u00e1 nedodr\u017eiava tento prev\u00e1dzkov\u00fd poriadok.&nbsp;<\/p>\n\n\n\n<p>Ka\u017ed\u00fd jazdec na motocykli vyu\u017e\u00edvaj\u00faci tra\u0165 je povinn\u00fd pred jazdou pre\u010d\u00edta\u0165 si a podp\u00edsa\u0165 Prehl\u00e1senie jazdca. <\/p>\n\n\n\n<div class=\"wp-block-file\"><a id=\"wp-block-file--media-9d641dca-72f7-4016-aa2d-53351080581f\" href=\"https:\/\/www.mxklub.sk\/wp-content\/uploads\/2020\/12\/UPOZORNENIE-A-PREHLASENIE-JAZDCA-1.pdf\">UPOZORNENIE A PREHL\u00c1SENIE JAZDCA (1)<\/a><a href=\"https:\/\/www.mxklub.sk\/wp-content\/uploads\/2020\/12\/UPOZORNENIE-A-PREHLASENIE-JAZDCA-1.pdf\" class=\"wp-block-file__button wp-element-button\" download aria-describedby=\"wp-block-file--media-9d641dca-72f7-4016-aa2d-53351080581f\">Stiahnu\u0165<\/a><\/div>\n\n\n\n<p>Vstupom na tra\u0165 potvrdzuje, \u017ee podp\u00edsal Prehl\u00e1senie jazdca a pre\u010d\u00edtal si, rozumie, a s\u00fahlas\u00ed s pravidlami tohto prev\u00e1dzkov\u00e9ho poriadku, zav\u00e4zuje sa ho dodr\u017eiava\u0165 a v\u00fdslovne s\u00fahlas\u00ed s t\u00fdm, \u017ee vyu\u017e\u00edva are\u00e1l a tra\u0165 na vlastn\u00e9 nebezpe\u010denstvo a vlastn\u00fa zodpovednos\u0165 a \u017ee prev\u00e1dzkovate\u013e nenesie \u017eiadnu zodpovednos\u0165 za \u0161kody na zdrav\u00ed a majetku, ktor\u00e9 vznikn\u00fa jazdcovi alebo tretej osobe pri vyu\u017e\u00edvan\u00ed trate a are\u00e1lu jazdcom.<\/p>\n\n\n\n<p>Ka\u017ed\u00fd jazdec mus\u00ed ma\u0165 pri jazde v bl\u00edzkosti partnera (in\u00e9ho jazdca alebo n\u00e1v\u0161tevn\u00edka are\u00e1lu), ktor\u00fd mu v pr\u00edpade \u00farazu vie poskytn\u00fa\u0165 prv\u00fa pomoc a privola\u0165 pomoc.<\/p>\n\n\n\n<p>De\u0165om do 18 rokov je vstup are\u00e1lu povolen\u00fd len v sprievode dospelej osoby, ktor\u00e1 je zodpovedn\u00e1 za konanie a bezpe\u010dnos\u0165 die\u0165a\u0165a.<\/p>\n\n\n\n<p>Jazdec mus\u00ed pri jazde pou\u017e\u00edva\u0165 homologizovan\u00fd bezpe\u010dnostn\u00fd a ochrann\u00fd v\u00fdstroj v stave, v ktorom v\u00fdrobca zabezpe\u010duje bezpe\u010dnos\u0165 pri pou\u017e\u00edvan\u00ed v\u00fdrobku. Povinnou s\u00fa\u010das\u0165ou v\u00fdstroja s\u00fa prilba, rukavice, \u010di\u017emy, chr\u00e1ni\u010d chrbtice a chr\u00e1ni\u010d hrudn\u00edka.<\/p>\n\n\n\n<p>Pred jazdou je jazdec povinn\u00fd d\u00f4kladne sa obozn\u00e1mi\u0165 s tra\u0165ou, aby pos\u00fadil svoje schopnosti zvl\u00e1dnu\u0165 jazdu po trati a identifikoval pr\u00edpadn\u00e9 prek\u00e1\u017eky na trati (napr. kon\u00e1re, kamene,...). Jazdu na trati je jazdec povinn\u00fd prisp\u00f4sobi\u0165 svojim schopnostiam.&nbsp; Na jazdu je mo\u017en\u00e9 pou\u017ei\u0165 len motocykel v dobrom technickom stave bez zn\u00e1mok po\u0161kodenia a nadmern\u00e9ho opotrebenia.<\/p>\n\n\n\n<p>Jazda na trat\u00ed je zak\u00e1zan\u00e1 pre jazdcov pod vplyvom&nbsp; alkoholu alebo in\u00fdch omamn\u00fdch l\u00e1tok alebo ak existuje in\u00e1&nbsp; prek\u00e1\u017eka v zdravotnom stave jazdca, ktor\u00e1 by \u00fa\u010dasti na jazde v are\u00e1li br\u00e1nila.&nbsp;<\/p>\n\n\n\n<p>Pri vstupe na tra\u0165 jazdec nesmie ohrozi\u0165 ostatn\u00fdch jazdcov na trati. Na trati je ka\u017ed\u00fd jazdec povinn\u00fd spr\u00e1va\u0165 sa tak, aby neohrozil zdravie a \u017eivot seba a ostatn\u00fdch a nesp\u00f4sobil \u0161kodu sebe alebo in\u00e9mu. Ka\u017ed\u00fd jazdec zodpoved\u00e1 za v\u0161etku \u0161kodu sp\u00f4soben\u00fa na zdrav\u00ed a zariaden\u00ed sebe, prev\u00e1dzkovate\u013eovi, alebo tret\u00edm osob\u00e1m pred, po\u010das, \u010di po skon\u010den\u00ed jazdenia.<\/p>\n\n\n\n<p>Pri \u00faraze na trati je ka\u017ed\u00fd jazdec a n\u00e1v\u0161tevn\u00edk are\u00e1lu povinn\u00fd poskytn\u00fa\u0165 zranen\u00e9mu prv\u00fa pomoc a v pr\u00edpade potreby privola\u0165 pomoc na tlf.\u010d\u00edsle 112.<\/p>\n\n\n\n<h1 class=\"wp-block-heading\">Vyu\u017e\u00edvanie trate<\/h1>\n\n\n\n<p>Ka\u017ed\u00fd n\u00e1v\u0161tevn\u00edk are\u00e1lu a jazdec je povinn\u00fd sa v priestoroch are\u00e1lu a jeho okol\u00ed, ako aj pri pr\u00edchode a odchode z are\u00e1lu spr\u00e1va\u0165 oh\u013eaduplne k ostatn\u00fdm n\u00e1v\u0161tevn\u00edkom alebo jazdcom a k \u017eivotn\u00e9mu prostrediu.<\/p>\n\n\n\n<p>Vyu\u017e\u00edvanie trate pre jazdu na motocykloch je povolen\u00e1 len so s\u00fahlasom prev\u00e1dzkovate\u013ea. Prev\u00e1dzkovate\u013e si vyhradzuje pr\u00e1vo v pr\u00edpade potreby preru\u0161i\u0165 jazdenie na trati z d\u00f4vodu bezpe\u010dnosti, potreby \u00fapravy trate alebo in\u00fdch prev\u00e1dzkov\u00fdch d\u00f4vodov na nevyhutne potrebn\u00fa dobu. Prev\u00e1dzkovate\u013e si vyhradzuje pr\u00e1vo obmedzi\u0165 po\u010det motocyklov s\u00fa\u010dasne vyu\u017e\u00edvaj\u00facich tra\u0165 alebo stanovi\u0165 \u010dasov\u00fd harmonogram pre vyu\u017e\u00edvanie trate pre jednotliv\u00fdch jazdcov alebo skupiny jazdcov.<\/p>\n\n\n\n<p>Tra\u0165 je jednosmern\u00e1 a jazd\u00ed sa proti smeru hodinov\u00fdch ru\u010di\u010diek. Ka\u017ed\u00fd jazdec mus\u00ed dodr\u017eiava\u0165 tento smer jazdy.<\/p>\n\n\n\n<p>Mimo \u010dasu vyhraden\u00e9ho pre jazdu na motocykloch je mo\u017en\u00e9 are\u00e1l a tra\u0165 vyu\u017e\u00edva\u0165 pre jazdu na bicykloch alebo in\u00e9 \u0161portov\u00e9 aktivity.<\/p>\n\n\n\n<h1 class=\"wp-block-heading\">Vyhraden\u00fd prev\u00e1dzkov\u00fd \u010das<\/h1>\n\n\n\n<p>Ak\u00e9ko\u013evek jazdenie po trati pred v\u00fdchodom slnka a po z\u00e1pade slnka je zak\u00e1zan\u00e9.<\/p>\n\n\n\n<p>\u010ealej platia nasledovn\u00e9 vyhraden\u00e9 maxim\u00e1lne \u010dasov\u00e9 intervaly pre pobyt v are\u00e1li.<\/p>\n\n\n\n<p>V dennom prev\u00e1dzkovom \u010dase, po vz\u00e1jomnej dohode jazdcov a prev\u00e1dzkovate\u013ea, je mo\u017en\u00e9 individu\u00e1lne ur\u010di\u0165 \u010dasy j\u00e1zd det\u00ed, prest\u00e1vky a jazdy kubat\u00far.<\/p>\n\n\n\n<p>Prev\u00e1dzkovate\u013e si vyhradzuje pr\u00e1vo tieto \u010dasov\u00e9 \u00faseky v pr\u00edpade potreby skr\u00e1ti\u0165 alebo zru\u0161i\u0165.<\/p>\n\n\n\n<p>Jazdenie na motocykloch v are\u00e1li mimo vyhraden\u00e9 \u010dasov\u00e9 \u00faseky je vyslovene zak\u00e1zan\u00e9.<\/p>\n\n\n\n<h3 class=\"wp-block-heading\">Motocykle<\/h3>\n\n\n\n<figure class=\"wp-block-table\"><table><tbody><tr><td><strong>Mesiac<\/strong><\/td><td><strong>UTOROK, \u0160TVRTOK, SOBOTA<\/strong><\/td><\/tr><tr><td>Okt\u00f3ber a\u017e Febru\u00e1r<\/td><td>10:00-18:30<\/td><\/tr><tr><td>Marec a\u017e September<\/td><td>10:00-19:00<\/td><\/tr><\/tbody><\/table><\/figure>\n\n\n\n<p><strong>V nede\u013eu je jazdenie motocyklov v are\u00e1li pr\u00edsne zak\u00e1zan\u00e9.<\/strong><\/p>\n\n\n\n<h3 class=\"wp-block-heading\">Bicykle<\/h3>\n\n\n\n<figure class=\"wp-block-table\"><table><tbody><tr><td><strong>Mesiac<\/strong><\/td><td><strong>NEDE\u013dA<\/strong><\/td><\/tr><tr><td>Janu\u00e1r - December<\/td><td>Cel\u00fd de\u0148<\/td><\/tr><\/tbody><\/table><\/figure>\n\n\n\n<p>Vyu\u017e\u00edvanie trate pre jazdu na bicykli je mo\u017en\u00e9 aj v ostatn\u00e9 dni mimo \u010dasu vyhraden\u00e9ho pre motocykle<\/p>\n\n\n\n<h1 class=\"wp-block-heading\">Ochrana \u017eivotn\u00e9ho prostredia<\/h1>\n\n\n\n<p>V\u0161etci n\u00e1v\u0161tevn\u00edci are\u00e1lu s\u00fa povinn\u00ed chr\u00e1ni\u0165 primeran\u00fdm sp\u00f4sobom pri svojej \u010dinnosti \u017eivotn\u00e9 prostredie.<\/p>\n\n\n\n<h3 class=\"wp-block-heading\">Odpadky<\/h3>\n\n\n\n<p>Je zak\u00e1zan\u00e9 zanech\u00e1va\u0165 v aer\u00e1li ak\u00fdko\u013evek odpad alebo odpadky. Pre drobn\u00fd komun\u00e1lny odpad sa v are\u00e1li nach\u00e1dza n\u00e1doba ur\u010den\u00e1 na smeti. V pr\u00edpade ak je pln\u00e1, je zak\u00e1zan\u00e9 uklada\u0165 odpadky v jej okol\u00ed.<\/p>\n\n\n\n<h3 class=\"wp-block-heading\">Parkovanie<\/h3>\n\n\n\n<p>V priestoroch are\u00e1lu je dovolen\u00e9 parkovanie motorov\u00fdch vozidiel na miestach na to ur\u010den\u00fdch tak\u00fdm sp\u00f4sobom, aby nedoch\u00e1dzalo k ohrozeniu bezpe\u010dnosti a po\u0161kodzovaniu \u017eivotn\u00e9ho prostredia.<\/p>\n\n\n\n<h3 class=\"wp-block-heading\">Nebezpe\u010dn\u00e9 l\u00e1tky<\/h3>\n\n\n\n<p>V priestoroch are\u00e1lu je pr\u00edsne zak\u00e1zan\u00e9 vyp\u00fa\u0161\u0165anie alebo skladovanie ak\u00fdchko\u013evek nebezpe\u010dn\u00fdch l\u00e1tok, ako s\u00fa napr. ropn\u00e9 produkty alebo in\u00e9 prev\u00e1dzkov\u00e9 kvapaliny a n\u00e1v\u0161tevn\u00edci are\u00e1lu s\u00fa povinn\u00ed prija\u0165 opatrenia na zamedzenie ich \u00faniku do prostredia. Rovnako je zak\u00e1zan\u00e9 vykon\u00e1va\u0165 ak\u00e9ko\u013evek servisn\u00e9 \u00fakony, pri ktor\u00fdch by hrozil \u00fanik t\u00fdchto kvapal\u00edn.<\/p>\n\n\n\n<h3 class=\"wp-block-heading\">Hluk<\/h3>\n\n\n\n<p>Pre vyu\u017e\u00edvanie trate je mo\u017en\u00e9 pou\u017ei\u0165 len tak\u00e9 motocykle, ktor\u00e9 sp\u013e\u0148aj\u00fa limity pre maxim\u00e1lny hluk stanoven\u00e9 predpismi Slovenskej Motocyklovej Feder\u00e1cie a Medzin\u00e1rodnej Motocyklovej Feder\u00e1cie pre motokros. Prev\u00e1dzkovate\u013e je opr\u00e1vnen\u00fd mera\u0165 dodr\u017eiavanie t\u00fdchto limitov a motocyklom, ktor\u00e9 tieto limity prekra\u010duj\u00fa zak\u00e1za\u0165 vstup na tra\u0165.<\/p>\n\n\n\n<h3 class=\"wp-block-heading\">Um\u00fdvanie motocyklov<\/h3>\n\n\n\n<p>Um\u00fdvanie motocyklov a pou\u017e\u00edvanie \u010distiacich prostriedkov alebo sapon\u00e1tov je v are\u00e1li zak\u00e1zan\u00e9.<\/p>\n\n\n\n<h1 class=\"wp-block-heading\">MX Klub - Dunajsk\u00e1 Lu\u017en\u00e1<\/h1>\n\n\n\n<p>MX Klub - Dunajsk\u00e1 Lu\u017en\u00e1 je ob\u010dianske zdru\u017eenie zdru\u017euj\u00face nad\u0161encov a podporovate\u013eov motokrosov\u00e9ho \u0161portu so s\u00eddlom v Dunajskej Lu\u017enej. MX Klub - Dunajsk\u00e1 Lu\u017en\u00e1 je prev\u00e1dzkovate\u013eom trate a okrem in\u00e9ho zabezpe\u010duje \u00fadr\u017ebu trate a starostlivos\u0165 o are\u00e1l.<\/p>\n\n\n\n<p>Osoby poveren\u00e9 prev\u00e1dzkovate\u013eom s\u00fa opr\u00e1vnen\u00e9 kontrolova\u0165 dodr\u017eiavanie tohto prev\u00e1dzkov\u00e9ho poriadku, vyd\u00e1va\u0165 pokyny jazdcom vyu\u017e\u00edvaj\u00facim tra\u0165, ur\u010dova\u0165 harmonogram jej vyu\u017e\u00edvania alebo preru\u0161i\u0165 na nevyhnutn\u00fa dobu jej vyu\u017e\u00edvanie. N\u00e1v\u0161tevn\u00edci are\u00e1lu a jazdci vyu\u017e\u00edvaj\u00faci tra\u0165 s\u00fa povinn\u00ed riadi\u0165 sa pokynmi prev\u00e1dzkovate\u013ea alebo n\u00edm poverenej osoby.<\/p>\n\n\n\n<p>Viac inform\u00e1ci\u00ed je na webst\u00e1nke prev\u00e1dzkovate\u013ea <a href=\"http:\/\/www.mxklub.sk\">www.mxklub.sk<\/a>&nbsp;<\/p>\n","protected":false},"excerpt":{"rendered":"<p>Are\u00e1l Motokrosovej trate Dunajsk\u00e1 Lu\u017en\u00e1 Platn\u00fd od 1.1.2021 Motokrosov\u00e1 tra\u0165 Are\u00e1l Motokrosovej trate (\u010falej len are\u00e1l) sa nach\u00e1dza na parcele[&#8230;]<\/p>\n","protected":false},"author":1,"featured_media":0,"parent":33,"menu_order":0,"comment_status":"closed","ping_status":"closed","template":"","meta":{"footnotes":""},"class_list":["post-35","page","type-page","status-publish","hentry"],"_links":{"self":[{"href":"https:\/\/www.mxklub.sk\/index.php?rest_route=\/wp\/v2\/pages\/35","targetHints":{"allow":["GET"]}}],"collection":[{"href":"https:\/\/www.mxklub.sk\/index.php?rest_route=\/wp\/v2\/pages"}],"about":[{"href":"https:\/\/www.mxklub.sk\/index.php?rest_route=\/wp\/v2\/types\/page"}],"author":[{"embeddable":true,"href":"https:\/\/www.mxklub.sk\/index.php?rest_route=\/wp\/v2\/users\/1"}],"replies":[{"embeddable":true,"href":"https:\/\/www.mxklub.sk\/index.php?rest_route=%2Fwp%2Fv2%2Fcomments&post=35"}],"version-history":[{"count":10,"href":"https:\/\/www.mxklub.sk\/index.php?rest_route=\/wp\/v2\/pages\/35\/revisions"}],"predecessor-version":[{"id":324,"href":"https:\/\/www.mxklub.sk\/index.php?rest_route=\/wp\/v2\/pages\/35\/revisions\/324"}],"up":[{"embeddable":true,"href":"https:\/\/www.mxklub.sk\/index.php?rest_route=\/wp\/v2\/pages\/33"}],"wp:attachment":[{"href":"https:\/\/www.mxklub.sk\/index.php?rest_route=%2Fwp%2Fv2%2Fmedia&parent=35"}],"curies":[{"name":"wp","href":"https:\/\/api.w.org\/{rel}","templated":true}]}}