{"id":27,"date":"2020-12-26T23:32:28","date_gmt":"2020-12-26T22:32:28","guid":{"rendered":"https:\/\/www.mxklub.sk\/?page_id=27"},"modified":"2021-03-05T19:48:20","modified_gmt":"2021-03-05T18:48:20","slug":"lokalita","status":"publish","type":"page","link":"https:\/\/www.mxklub.sk\/?page_id=27","title":{"rendered":"Lokalita"},"content":{"rendered":"\n<h1 class=\"wp-block-heading\">Motokrosov\u00e1 tra\u0165<\/h1>\n\n\n<div id=\"wpgmza_map\" class=\"wpgmza_map\" data-settings='{\"id\":\"1\",\"map_title\":\"Moja prv\\u00e1 mapa\",\"map_width\":\"100\",\"map_height\":\"400\",\"map_start_lat\":\"48.068592\",\"map_start_lng\":\"17.248239\",\"map_start_location\":\"48.06859203762258,17.248238698212393\",\"map_start_zoom\":\"15\",\"default_marker\":\"0\",\"type\":\"1\",\"alignment\":\"4\",\"directions_enabled\":\"1\",\"styling_enabled\":\"0\",\"styling_json\":\"\",\"active\":\"0\",\"kml\":\"\",\"bicycle\":\"0\",\"traffic\":\"0\",\"dbox\":\"1\",\"dbox_width\":\"100\",\"listmarkers\":\"0\",\"listmarkers_advanced\":\"0\",\"filterbycat\":\"0\",\"ugm_enabled\":\"0\",\"ugm_category_enabled\":\"0\",\"fusion\":\"\",\"map_width_type\":\"\\\\%\",\"map_height_type\":\"px\",\"mass_marker_support\":\"1\",\"ugm_access\":\"0\",\"order_markers_by\":\"1\",\"order_markers_choice\":\"2\",\"show_user_location\":\"0\",\"default_to\":\"\",\"other_settings\":{\"store_locator_enabled\":2,\"store_locator_distance\":2,\"store_locator_default_radius\":10,\"store_locator_not_found_message\":\"No results found in this location. Please try again.\",\"store_locator_bounce\":1,\"store_locator_query_string\":\"PS\\u010c \\\/ Adresa:\",\"store_locator_default_address\":\"\",\"wpgmza_store_locator_restrict\":\"\",\"wpgmza_store_locator_radius_style\":\"modern\",\"map_max_zoom\":\"1\",\"transport_layer\":0,\"wpgmza_theme_data\":\"\",\"wpgmza_show_points_of_interest\":1,\"wpgmza_auto_night\":0}}' data-map-id='1' Data-maps-engine='open-layers' data-shortcode-attributes='{\"id\":\"1\"}' style=\"display:block; overflow:auto; width:100%; height:400px; float:left;\"><\/div>\n\n\n\n<p>Are\u00e1l Motokrosovej trate sa nach\u00e1dza na parcele \u010d. 761\/1 reg.C, zap\u00edsanej na LV \u010d.740 k.\u00fa. Dunajsk\u00e1 Lu\u017en\u00e1, \u010das\u0165 J\u00e1no\u0161ikov\u00e1 vo vlastn\u00edctve obce Dunajsk\u00e1 Lu\u017en\u00e1 a je v pren\u00e1jme ob\u010dianskeho zdru\u017eenia MX Klub - Dunajsk\u00e1 Lu\u017en\u00e1, ktor\u00e9 je jeho prev\u00e1dzkovate\u013eom.<\/p>\n\n\n\n<p><\/p>\n\n\n\n<p><strong>Pr\u00edjazdov\u00e1 cesta <\/strong>Pre \u00fa\u010dely pr\u00edjazdu k are\u00e1lu motorov\u00fdm vozidlom je mo\u017en\u00e9 vyu\u017ei\u0165 viacer\u00e9&nbsp; alternat\u00edvy:&nbsp;<\/p>\n\n\n\n<p>o Existuj\u00faca nespevnen\u00e1 cesta z Kalinkova&nbsp;okolo zbern\u00e9ho dvora<\/p>\n\n\n\n<p>o Existuj\u00faca po\u013en\u00e1 cesta ved\u00faca z cesty III. triedy D.Lu\u017en\u00e1-Kalinkovo&nbsp;k hr\u00e1dzi<\/p>\n","protected":false},"excerpt":{"rendered":"<p>Motokrosov\u00e1 tra\u0165 Are\u00e1l Motokrosovej trate sa nach\u00e1dza na parcele \u010d. 761\/1 reg.C, zap\u00edsanej na LV \u010d.740 k.\u00fa. Dunajsk\u00e1 Lu\u017en\u00e1, \u010das\u0165[&#8230;]<\/p>\n","protected":false},"author":1,"featured_media":0,"parent":0,"menu_order":0,"comment_status":"closed","ping_status":"closed","template":"","meta":{"footnotes":""},"class_list":["post-27","page","type-page","status-publish","hentry"],"_links":{"self":[{"href":"https:\/\/www.mxklub.sk\/index.php?rest_route=\/wp\/v2\/pages\/27","targetHints":{"allow":["GET"]}}],"collection":[{"href":"https:\/\/www.mxklub.sk\/index.php?rest_route=\/wp\/v2\/pages"}],"about":[{"href":"https:\/\/www.mxklub.sk\/index.php?rest_route=\/wp\/v2\/types\/page"}],"author":[{"embeddable":true,"href":"https:\/\/www.mxklub.sk\/index.php?rest_route=\/wp\/v2\/users\/1"}],"replies":[{"embeddable":true,"href":"https:\/\/www.mxklub.sk\/index.php?rest_route=%2Fwp%2Fv2%2Fcomments&post=27"}],"version-history":[{"count":3,"href":"https:\/\/www.mxklub.sk\/index.php?rest_route=\/wp\/v2\/pages\/27\/revisions"}],"predecessor-version":[{"id":112,"href":"https:\/\/www.mxklub.sk\/index.php?rest_route=\/wp\/v2\/pages\/27\/revisions\/112"}],"wp:attachment":[{"href":"https:\/\/www.mxklub.sk\/index.php?rest_route=%2Fwp%2Fv2%2Fmedia&parent=27"}],"curies":[{"name":"wp","href":"https:\/\/api.w.org\/{rel}","templated":true}]}}