{"id":13,"date":"2020-12-26T23:11:17","date_gmt":"2020-12-26T22:11:17","guid":{"rendered":"https:\/\/www.mxklub.sk\/?page_id=13"},"modified":"2021-03-05T19:42:12","modified_gmt":"2021-03-05T18:42:12","slug":"historia-motokrosu-v-dunajskej-luznej","status":"publish","type":"page","link":"https:\/\/www.mxklub.sk\/?page_id=13","title":{"rendered":"Hist\u00f3ria motokrosu v Dunajskej Lu\u017enej"},"content":{"rendered":"\n<div class=\"wp-block-image\"><figure class=\"aligncenter is-resized\"><img loading=\"lazy\" decoding=\"async\" src=\"https:\/\/lh3.googleusercontent.com\/1yI6w5ZeNfOE7HrRL15Ev9_3xsz_SqnZjYJNoBHenQ5NnuSMr_gLSnRleH-YlFWMc7vgWOKXcUTswGPRqIvF5ux_BWp21EH4h3hTgms8KanWpeXTVcJBE_cp-WV98-TILJQSnUnW\" alt=\"\" width=\"359\" height=\"269\"\/><figcaption><em>\u010clenovia pre klubom v \u010dasti J\u00e1no\u0161\u00edkov\u00e1, 1988<\/em><\/figcaption><\/figure><\/div>\n\n\n\n<p>V hist\u00f3rii spolo\u010densk\u00e9ho \u017eivota na\u0161ej obce mal motokros svoje pevn\u00e9 miesto. S podporou\u00a0obce a JRD Dunajsk\u00e1 Lu\u017en\u00e1 v jeho radoch\u00a0\u00a0p\u00f4sobili mnoh\u00ed na\u0161i ob\u010dania, napr. Franti\u0161ek\u00a0\u00a0M\u011b\u0159\u00ed\u010dka, J\u00e1n Galansk\u00fd, Ivan Fajnor a mnoh\u00ed\u00a0\u00a0\u010fal\u0161\u00ed. V 80-tych rokoch sa klub \u00faspe\u0161ne\u00a0\u00a0z\u00fa\u010dast\u0148oval mnoh\u00fdch s\u00fa\u0165a\u017e\u00ed a niektor\u00e9\u00a0\u00a0dokonca organizoval.\u00a0<\/p>\n\n\n\n<p><\/p>\n","protected":false},"excerpt":{"rendered":"<p>V hist\u00f3rii spolo\u010densk\u00e9ho \u017eivota na\u0161ej obce mal motokros svoje pevn\u00e9 miesto. S podporou\u00a0obce a JRD Dunajsk\u00e1 Lu\u017en\u00e1 v jeho radoch\u00a0\u00a0p\u00f4sobili[&#8230;]<\/p>\n","protected":false},"author":1,"featured_media":0,"parent":15,"menu_order":0,"comment_status":"closed","ping_status":"closed","template":"","meta":{"footnotes":""},"class_list":["post-13","page","type-page","status-publish","hentry"],"_links":{"self":[{"href":"https:\/\/www.mxklub.sk\/index.php?rest_route=\/wp\/v2\/pages\/13","targetHints":{"allow":["GET"]}}],"collection":[{"href":"https:\/\/www.mxklub.sk\/index.php?rest_route=\/wp\/v2\/pages"}],"about":[{"href":"https:\/\/www.mxklub.sk\/index.php?rest_route=\/wp\/v2\/types\/page"}],"author":[{"embeddable":true,"href":"https:\/\/www.mxklub.sk\/index.php?rest_route=\/wp\/v2\/users\/1"}],"replies":[{"embeddable":true,"href":"https:\/\/www.mxklub.sk\/index.php?rest_route=%2Fwp%2Fv2%2Fcomments&post=13"}],"version-history":[{"count":2,"href":"https:\/\/www.mxklub.sk\/index.php?rest_route=\/wp\/v2\/pages\/13\/revisions"}],"predecessor-version":[{"id":31,"href":"https:\/\/www.mxklub.sk\/index.php?rest_route=\/wp\/v2\/pages\/13\/revisions\/31"}],"up":[{"embeddable":true,"href":"https:\/\/www.mxklub.sk\/index.php?rest_route=\/wp\/v2\/pages\/15"}],"wp:attachment":[{"href":"https:\/\/www.mxklub.sk\/index.php?rest_route=%2Fwp%2Fv2%2Fmedia&parent=13"}],"curies":[{"name":"wp","href":"https:\/\/api.w.org\/{rel}","templated":true}]}}