{"id":121,"date":"2021-03-06T22:49:21","date_gmt":"2021-03-06T21:49:21","guid":{"rendered":"https:\/\/www.mxklub.sk\/?page_id=121"},"modified":"2024-03-13T22:09:15","modified_gmt":"2024-03-13T21:09:15","slug":"clenstvo-v-klube","status":"publish","type":"page","link":"https:\/\/www.mxklub.sk\/?page_id=121","title":{"rendered":"\u010clenstvo v klube"},"content":{"rendered":"\n<p>Z\u00e1ujemca o \u010dlenstvo v klube vypln\u00ed a podp\u00ed\u0161e <a href=\"https:\/\/www.mxklub.sk\/wp-content\/uploads\/2021\/03\/Prihlaska.pdf\">Prihl\u00e1\u0161ku za \u010dlena klubu <\/a>a z\u00e1rove\u0148 <a href=\"https:\/\/www.mxklub.sk\/wp-content\/uploads\/2021\/03\/UPOZORNENIE-A-PREHLASENIE-JAZDCA.pdf\">UPOZORNENIE-A-PREHLASENIE-JAZDCA<\/a> a oba dokumenty za\u0161le emailom na adresu info@mxklub.sk<\/p>\n\n\n\n<p>Po potvrden\u00ed prihl\u00e1\u0161ky dostanete pokyn k \u00fahrade pr\u00edslu\u0161n\u00e9ho \u010dlensk\u00e9ho poplatku a jeho v\u00fd\u0161ke pre dan\u00fd kalend\u00e1rny rok.<\/p>\n\n\n\n<p>\u010clensk\u00e9 poplatky uhr\u00e1dzajte na \u00fa\u010det klubu: <strong>IBAN SK90 0900 0000 0051 7657 1969<\/strong>. V inform\u00e1cii pre pr\u00edjemcu uve\u010fte \"<strong>clenske <em>XXXX MENO<\/em><\/strong>\". Namiesto XXXX uve\u010fte kalend\u00e1rny rok, za ktor\u00fd plat\u00edte \u010dlensk\u00fd poplatok a namiesto MENO uve\u010fte meno a priezvisko \u010dlena klubu.<\/p>\n\n\n\n<p>V\u00fd\u0161ka \u010dlensk\u00fdch pr\u00edspevkov a ostatn\u00fdm poplatkov:<\/p>\n\n\n\n<figure class=\"wp-block-table\"><table><tbody><tr><td>\u010clensk\u00fd poplatok*<\/td><td class=\"has-text-align-center\" data-align=\"center\">400,- Eur za kalend\u00e1rny rok<\/td><\/tr><tr><td>\u010clensk\u00fd poplatok pre obyvate\u013eov Dunajskej Lu\u017enej a zakladaj\u00facich \u010dlenov klubu*<\/td><td class=\"has-text-align-center\" data-align=\"center\">200,- Eur za kalend\u00e1rny rok<\/td><\/tr><tr><td>\u010clensk\u00fd poplatok pre \u017eeny a deti do 12 rokov*<\/td><td class=\"has-text-align-center\" data-align=\"center\">100,- Eur za kalend\u00e1rny rok<\/td><\/tr><tr><td>\u010clensk\u00fd poplatok bez tr\u00e9ningov<\/td><td class=\"has-text-align-center\" data-align=\"center\">50,- Eur za kalend\u00e1rny rok<\/td><\/tr><tr><td>Tr\u00e9ning s rezerv\u00e1ciou<\/td><td class=\"has-text-align-center\" data-align=\"center\">20,- Eur za de\u0148<\/td><\/tr><tr><td>Tr\u00e9ning bez rezerv\u00e1cie<\/td><td class=\"has-text-align-center\" data-align=\"center\">30,- Eur za de\u0148<\/td><\/tr><tr><td>Tr\u00e9ning s rezerv\u00e1ciou - \u017eeny a deti do 12 rokov<\/td><td class=\"has-text-align-center\" data-align=\"center\">10,- Eur za de\u0148<\/td><\/tr><tr><td>Tr\u00e9ning bez rezerv\u00e1cie - \u017eeny a deti do 12 rokov<\/td><td class=\"has-text-align-center\" data-align=\"center\">20,- Eur za de\u0148<\/td><\/tr><\/tbody><\/table><\/figure>\n\n\n\n<p>*<em>\u010clensk\u00fd poplatok zahr\u0148uje tr\u00e9ningy celoro\u010dne v \u010dase vyhradenom pre motocykle v zmysle platn\u00e9ho prev\u00e1dzkov\u00e9ho poriadku a obmedzen\u00ed.<\/em><\/p>\n","protected":false},"excerpt":{"rendered":"<p>Z\u00e1ujemca o \u010dlenstvo v klube vypln\u00ed a podp\u00ed\u0161e Prihl\u00e1\u0161ku za \u010dlena klubu a z\u00e1rove\u0148 UPOZORNENIE-A-PREHLASENIE-JAZDCA a oba dokumenty za\u0161le emailom[&#8230;]<\/p>\n","protected":false},"author":1,"featured_media":0,"parent":15,"menu_order":0,"comment_status":"closed","ping_status":"closed","template":"","meta":{"footnotes":""},"class_list":["post-121","page","type-page","status-publish","hentry"],"_links":{"self":[{"href":"https:\/\/www.mxklub.sk\/index.php?rest_route=\/wp\/v2\/pages\/121","targetHints":{"allow":["GET"]}}],"collection":[{"href":"https:\/\/www.mxklub.sk\/index.php?rest_route=\/wp\/v2\/pages"}],"about":[{"href":"https:\/\/www.mxklub.sk\/index.php?rest_route=\/wp\/v2\/types\/page"}],"author":[{"embeddable":true,"href":"https:\/\/www.mxklub.sk\/index.php?rest_route=\/wp\/v2\/users\/1"}],"replies":[{"embeddable":true,"href":"https:\/\/www.mxklub.sk\/index.php?rest_route=%2Fwp%2Fv2%2Fcomments&post=121"}],"version-history":[{"count":5,"href":"https:\/\/www.mxklub.sk\/index.php?rest_route=\/wp\/v2\/pages\/121\/revisions"}],"predecessor-version":[{"id":306,"href":"https:\/\/www.mxklub.sk\/index.php?rest_route=\/wp\/v2\/pages\/121\/revisions\/306"}],"up":[{"embeddable":true,"href":"https:\/\/www.mxklub.sk\/index.php?rest_route=\/wp\/v2\/pages\/15"}],"wp:attachment":[{"href":"https:\/\/www.mxklub.sk\/index.php?rest_route=%2Fwp%2Fv2%2Fmedia&parent=121"}],"curies":[{"name":"wp","href":"https:\/\/api.w.org\/{rel}","templated":true}]}}